{"id":790,"date":"2025-01-15T19:19:58","date_gmt":"2025-01-15T18:19:58","guid":{"rendered":"http:\/\/nuevo.hotelfloridatossa.com\/about-2\/"},"modified":"2025-02-28T13:32:32","modified_gmt":"2025-02-28T12:32:32","slug":"el-hotel","status":"publish","type":"page","link":"https:\/\/hotelfloridatossa.com\/es\/el-hotel\/","title":{"rendered":"El hotel"},"content":{"rendered":"\t\t<div data-elementor-type=\"wp-page\" data-elementor-id=\"790\" class=\"elementor elementor-790\" data-elementor-post-type=\"page\">\n\t\t\t\t<div class=\"elementor-element elementor-element-e52473b e-flex e-con-boxed e-con e-parent\" data-id=\"e52473b\" data-element_type=\"container\" data-settings=\"{&quot;background_background&quot;:&quot;classic&quot;}\">\n\t\t\t\t\t<div class=\"e-con-inner\">\n\t\t<div class=\"elementor-element elementor-element-4948ece8 e-con-full e-flex e-con e-child\" data-id=\"4948ece8\" data-element_type=\"container\">\n\t\t\t\t<div class=\"elementor-element elementor-element-1ae26f94 elementor-widget elementor-widget-heading\" data-id=\"1ae26f94\" data-element_type=\"widget\" data-widget_type=\"heading.default\">\n\t\t\t\t<div class=\"elementor-widget-container\">\n\t\t\t\t\t<h1 class=\"elementor-heading-title elementor-size-default\">El Hotel<\/h1>\t\t\t\t<\/div>\n\t\t\t\t<\/div>\n\t\t\t\t<div class=\"elementor-element elementor-element-7706edb5 elementor-widget elementor-widget-text-editor\" data-id=\"7706edb5\" data-element_type=\"widget\" data-widget_type=\"text-editor.default\">\n\t\t\t\t<div class=\"elementor-widget-container\">\n\t\t\t\t\t\t\t\t\t<p><span id=\"ctl00_central_spa32\" class=\"negrita\">Si desea disfrutar de Tossa de Mar, en pleno coraz\u00f3n de la Costa Brava, en un lugar realmente privilegiado y rodeado de comodidades y todav\u00eda no nos conoce, el Hotel Florida, se encuentra situado a pocos metros de la playa Gran, un peque\u00f1o hotel familiar en plena zona residencial y hotelera tocando al centro del pueblo<\/span><\/p>\t\t\t\t\t\t\t\t<\/div>\n\t\t\t\t<\/div>\n\t\t\t\t<\/div>\n\t\t<div class=\"elementor-element elementor-element-49631ca3 e-con-full e-flex e-con e-child\" data-id=\"49631ca3\" data-element_type=\"container\">\n\t\t\t\t<div class=\"elementor-element elementor-element-660b9563 animated-slow elementor-invisible elementor-widget elementor-widget-image\" data-id=\"660b9563\" data-element_type=\"widget\" data-settings=\"{&quot;_animation&quot;:&quot;slideInLeft&quot;}\" data-widget_type=\"image.default\">\n\t\t\t\t<div class=\"elementor-widget-container\">\n\t\t\t\t\t\t\t\t\t\t\t\t\t\t\t<img fetchpriority=\"high\" decoding=\"async\" width=\"693\" height=\"427\" src=\"https:\/\/hotelfloridatossa.com\/wp-content\/uploads\/2025\/01\/Diseno-sin-titulo-50.jpg\" class=\"attachment-full size-full wp-image-929\" alt=\"\" srcset=\"https:\/\/hotelfloridatossa.com\/wp-content\/uploads\/2025\/01\/Diseno-sin-titulo-50.jpg 693w, https:\/\/hotelfloridatossa.com\/wp-content\/uploads\/2025\/01\/Diseno-sin-titulo-50-300x185.jpg 300w\" sizes=\"(max-width: 693px) 100vw, 693px\" \/>\t\t\t\t\t\t\t\t\t\t\t\t\t\t\t<\/div>\n\t\t\t\t<\/div>\n\t\t\t\t<\/div>\n\t\t\t\t\t<\/div>\n\t\t\t\t<\/div>\n\t\t<div class=\"elementor-element elementor-element-3268fed6 e-con-full e-flex e-con e-parent\" data-id=\"3268fed6\" data-element_type=\"container\" data-settings=\"{&quot;background_background&quot;:&quot;classic&quot;}\">\n\t\t<div class=\"elementor-element elementor-element-49cfd607 e-con-full e-flex e-con e-child\" data-id=\"49cfd607\" data-element_type=\"container\">\n\t\t\t\t<div class=\"elementor-element elementor-element-6e776925 animated-slow e-transform elementor-invisible elementor-widget elementor-widget-image\" data-id=\"6e776925\" data-element_type=\"widget\" data-settings=\"{&quot;_animation&quot;:&quot;rotateInDownRight&quot;,&quot;_transform_rotateZ_effect&quot;:{&quot;unit&quot;:&quot;px&quot;,&quot;size&quot;:-15,&quot;sizes&quot;:[]},&quot;_transform_rotateZ_effect_laptop&quot;:{&quot;unit&quot;:&quot;deg&quot;,&quot;size&quot;:&quot;&quot;,&quot;sizes&quot;:[]},&quot;_transform_rotateZ_effect_tablet&quot;:{&quot;unit&quot;:&quot;deg&quot;,&quot;size&quot;:&quot;&quot;,&quot;sizes&quot;:[]},&quot;_transform_rotateZ_effect_mobile&quot;:{&quot;unit&quot;:&quot;deg&quot;,&quot;size&quot;:&quot;&quot;,&quot;sizes&quot;:[]}}\" data-widget_type=\"image.default\">\n\t\t\t\t<div class=\"elementor-widget-container\">\n\t\t\t\t\t\t\t\t\t\t\t\t\t\t\t<img decoding=\"async\" width=\"469\" height=\"793\" src=\"https:\/\/hotelfloridatossa.com\/wp-content\/uploads\/2025\/01\/Diseno-sin-titulo-54.jpg\" class=\"attachment-full size-full wp-image-933\" alt=\"\" srcset=\"https:\/\/hotelfloridatossa.com\/wp-content\/uploads\/2025\/01\/Diseno-sin-titulo-54.jpg 469w, https:\/\/hotelfloridatossa.com\/wp-content\/uploads\/2025\/01\/Diseno-sin-titulo-54-177x300.jpg 177w\" sizes=\"(max-width: 469px) 100vw, 469px\" \/>\t\t\t\t\t\t\t\t\t\t\t\t\t\t\t<\/div>\n\t\t\t\t<\/div>\n\t\t\t\t<\/div>\n\t\t<div class=\"elementor-element elementor-element-6fcfd4e9 e-con-full e-flex e-con e-child\" data-id=\"6fcfd4e9\" data-element_type=\"container\">\n\t\t\t\t<div class=\"elementor-element elementor-element-651ee352 elementor-widget elementor-widget-heading\" data-id=\"651ee352\" data-element_type=\"widget\" data-widget_type=\"heading.default\">\n\t\t\t\t<div class=\"elementor-widget-container\">\n\t\t\t\t\t<h2 class=\"elementor-heading-title elementor-size-default\">familiar<\/h2>\t\t\t\t<\/div>\n\t\t\t\t<\/div>\n\t\t\t\t<div class=\"elementor-element elementor-element-1012d3e0 elementor-widget elementor-widget-text-editor\" data-id=\"1012d3e0\" data-element_type=\"widget\" data-widget_type=\"text-editor.default\">\n\t\t\t\t<div class=\"elementor-widget-container\">\n\t\t\t\t\t\t\t\t\t<p><span id=\"ctl00_central_spa33\">En este establecimiento familiar encontrar\u00e1 todos los servicios que har\u00e1n de su estancia en Tossa, unas vacaciones inolvidables y desear\u00e1 repetir. El ambiente relajado y distendido, as\u00ed como el trato personal, hacen del Hotel Florida un lugar adecuado para sus fines de semana, sus vacaciones o d\u00edas de descanso, tanto para parejas, grupos, familias o si usted viaja solo<\/span><\/p>\t\t\t\t\t\t\t\t<\/div>\n\t\t\t\t<\/div>\n\t\t\t\t<div class=\"elementor-element elementor-element-0a81940 elementor-widget elementor-widget-text-editor\" data-id=\"0a81940\" data-element_type=\"widget\" data-widget_type=\"text-editor.default\">\n\t\t\t\t<div class=\"elementor-widget-container\">\n\t\t\t\t\t\t\t\t\t<p><span id=\"ctl00_central_spa33\">En Hotel Florida podr\u00e1 disfrutar de una completa gama de instalaciones y servicios puestos a disposici\u00f3n del cliente; sin olvidarnos de nuestro magn\u00edfica terraza sol\u00e1rium donde relajarse y disfrutar de uno de nuestros <em>cocktails<\/em><br \/><\/span><\/p>\t\t\t\t\t\t\t\t<\/div>\n\t\t\t\t<\/div>\n\t\t\t\t<\/div>\n\t\t\t\t<\/div>\n\t\t<div class=\"elementor-element elementor-element-3b466b30 e-con-full e-flex e-con e-parent\" data-id=\"3b466b30\" data-element_type=\"container\" id=\"pressed_juices\">\n\t\t<div class=\"elementor-element elementor-element-1c804ff6 e-con-full e-flex e-con e-child\" data-id=\"1c804ff6\" data-element_type=\"container\" data-settings=\"{&quot;background_background&quot;:&quot;classic&quot;}\">\n\t\t\t\t<div class=\"elementor-element elementor-element-11e7562f elementor-widget elementor-widget-heading\" data-id=\"11e7562f\" data-element_type=\"widget\" data-widget_type=\"heading.default\">\n\t\t\t\t<div class=\"elementor-widget-container\">\n\t\t\t\t\t<h2 class=\"elementor-heading-title elementor-size-default\">HABITACIONES<\/h2>\t\t\t\t<\/div>\n\t\t\t\t<\/div>\n\t\t\t\t<div class=\"elementor-element elementor-element-efb718f elementor-widget elementor-widget-text-editor\" data-id=\"efb718f\" data-element_type=\"widget\" data-widget_type=\"text-editor.default\">\n\t\t\t\t<div class=\"elementor-widget-container\">\n\t\t\t\t\t\t\t\t\t<p><strong><span id=\"ctl00_central_spa47\" class=\"negrita\">El Hotel Florida dispone de 49 habitaciones, acondicionadas con todas las comodidades que usted espera en un hotel de esta categor\u00eda.<\/span><\/strong><\/p><p><span id=\"ctl00_central_spa48\">Todas las habitaciones disponen de ba\u00f1o completo con secador de cabello, productos de acogida, la mayor\u00eda con terraza, aire acondicionado y calefacci\u00f3n, TV, tel\u00e9fono, nevera, caja fuerte individual (de pago) y wi-fi gratuito.<\/span><\/p><p>Todas nuestras habitaciones son No fumador.<\/p>\t\t\t\t\t\t\t\t<\/div>\n\t\t\t\t<\/div>\n\t\t\t\t<\/div>\n\t\t<div class=\"elementor-element elementor-element-79189cea e-con-full e-flex e-con e-child\" data-id=\"79189cea\" data-element_type=\"container\">\n\t\t\t\t<div class=\"elementor-element elementor-element-6a713226 elementor-invisible elementor-widget elementor-widget-image\" data-id=\"6a713226\" data-element_type=\"widget\" data-settings=\"{&quot;_animation&quot;:&quot;rotateInDownLeft&quot;}\" data-widget_type=\"image.default\">\n\t\t\t\t<div class=\"elementor-widget-container\">\n\t\t\t\t\t\t\t\t\t\t\t\t\t\t\t<img decoding=\"async\" width=\"805\" height=\"496\" src=\"https:\/\/hotelfloridatossa.com\/wp-content\/uploads\/2025\/01\/Habitacion-Hotel-Florida.jpg\" class=\"attachment-full size-full wp-image-1002\" alt=\"habitaci\u00f3n hotel florida\" srcset=\"https:\/\/hotelfloridatossa.com\/wp-content\/uploads\/2025\/01\/Habitacion-Hotel-Florida.jpg 805w, https:\/\/hotelfloridatossa.com\/wp-content\/uploads\/2025\/01\/Habitacion-Hotel-Florida-300x185.jpg 300w, https:\/\/hotelfloridatossa.com\/wp-content\/uploads\/2025\/01\/Habitacion-Hotel-Florida-768x473.jpg 768w\" sizes=\"(max-width: 805px) 100vw, 805px\" \/>\t\t\t\t\t\t\t\t\t\t\t\t\t\t\t<\/div>\n\t\t\t\t<\/div>\n\t\t\t\t<\/div>\n\t\t\t\t<\/div>\n\t\t<div class=\"elementor-element elementor-element-b2801db e-con-full e-flex e-con e-parent\" data-id=\"b2801db\" data-element_type=\"container\" id=\"smoothies\">\n\t\t<div class=\"elementor-element elementor-element-27267227 e-con-full e-flex e-con e-child\" data-id=\"27267227\" data-element_type=\"container\">\n\t\t\t\t<div class=\"elementor-element elementor-element-3007078e elementor-invisible elementor-widget elementor-widget-image\" data-id=\"3007078e\" data-element_type=\"widget\" data-settings=\"{&quot;_animation&quot;:&quot;rotateInDownLeft&quot;}\" data-widget_type=\"image.default\">\n\t\t\t\t<div class=\"elementor-widget-container\">\n\t\t\t\t\t\t\t\t\t\t\t\t\t\t\t<img loading=\"lazy\" decoding=\"async\" width=\"509\" height=\"826\" src=\"https:\/\/hotelfloridatossa.com\/wp-content\/uploads\/2025\/01\/Diseno-sin-titulo-56.jpg\" class=\"attachment-full size-full wp-image-1017\" alt=\"\" srcset=\"https:\/\/hotelfloridatossa.com\/wp-content\/uploads\/2025\/01\/Diseno-sin-titulo-56.jpg 509w, https:\/\/hotelfloridatossa.com\/wp-content\/uploads\/2025\/01\/Diseno-sin-titulo-56-185x300.jpg 185w\" sizes=\"(max-width: 509px) 100vw, 509px\" \/>\t\t\t\t\t\t\t\t\t\t\t\t\t\t\t<\/div>\n\t\t\t\t<\/div>\n\t\t\t\t<\/div>\n\t\t<div class=\"elementor-element elementor-element-6ce179d9 e-con-full e-flex e-con e-child\" data-id=\"6ce179d9\" data-element_type=\"container\" data-settings=\"{&quot;background_background&quot;:&quot;classic&quot;}\">\n\t\t\t\t<div class=\"elementor-element elementor-element-1a0159bb elementor-widget elementor-widget-heading\" data-id=\"1a0159bb\" data-element_type=\"widget\" data-widget_type=\"heading.default\">\n\t\t\t\t<div class=\"elementor-widget-container\">\n\t\t\t\t\t<h2 class=\"elementor-heading-title elementor-size-default\">RECEPCI\u00d3N<\/h2>\t\t\t\t<\/div>\n\t\t\t\t<\/div>\n\t\t\t\t<div class=\"elementor-element elementor-element-9dffbd6 elementor-widget elementor-widget-text-editor\" data-id=\"9dffbd6\" data-element_type=\"widget\" data-widget_type=\"text-editor.default\">\n\t\t\t\t<div class=\"elementor-widget-container\">\n\t\t\t\t\t\t\t\t\t<p><strong><span id=\"ctl00_central_spa44\" class=\"negrita\">Para el Hotel Florida es tan importante ofrecer unas instalaciones confortables y acogedoras como brindarles un trato humano con \u00f3ptimos resultados. El servicio de recepci\u00f3n del hotel estar\u00e1 a su servicio desde las 8 h hasta las 22h.<\/span><\/strong><\/p><p><span id=\"ctl00_central_spa45\">El resto del d\u00eda habr\u00e1 personal que le atender\u00e1 gustosamente ante cualquier posible eventualidad.<\/span><\/p><p>Nuestro personal de recepci\u00f3n se encargar\u00e1 de atenderle en los servicios del hotel y de informarle con gusto de las ofertas de car\u00e1cter l\u00fadico que existan en ese momento, de las excursiones que se puedan realizar, informaci\u00f3n y reserva de actividades deportivas, etc.<\/p>\t\t\t\t\t\t\t\t<\/div>\n\t\t\t\t<\/div>\n\t\t\t\t<\/div>\n\t\t\t\t<\/div>\n\t\t<div class=\"elementor-element elementor-element-91c1c4b e-con-full e-flex e-con e-parent\" data-id=\"91c1c4b\" data-element_type=\"container\">\n\t\t<div class=\"elementor-element elementor-element-10212e3 e-con-full e-flex e-con e-child\" data-id=\"10212e3\" data-element_type=\"container\" data-settings=\"{&quot;background_background&quot;:&quot;classic&quot;}\">\n\t\t\t\t<div class=\"elementor-element elementor-element-dc944b9 elementor-widget elementor-widget-heading\" data-id=\"dc944b9\" data-element_type=\"widget\" data-widget_type=\"heading.default\">\n\t\t\t\t<div class=\"elementor-widget-container\">\n\t\t\t\t\t<h2 class=\"elementor-heading-title elementor-size-default\">PARKING<\/h2>\t\t\t\t<\/div>\n\t\t\t\t<\/div>\n\t\t\t\t<div class=\"elementor-element elementor-element-761dfea elementor-widget elementor-widget-text-editor\" data-id=\"761dfea\" data-element_type=\"widget\" data-widget_type=\"text-editor.default\">\n\t\t\t\t<div class=\"elementor-widget-container\">\n\t\t\t\t\t\t\t\t\t<p><span id=\"ctl00_central_spa50\" class=\"negrita\"><\/span><strong><span id=\"ctl00_central_spa50\" class=\"negrita\">Si Usted llega a Tossa de Mar por carretera con veh\u00edculo propio, nuestro hotel dispone de una zona de aparcamiento de pago (es necesario reservar) para que pueda estacionar c\u00f3modamente su autom\u00f3vil y al mismo tiempo est\u00e9 protegido. Podr\u00e1 salir y entrar tantas veces como desee de la zona de aparcamiento.<\/span><\/strong> <br \/><br \/><span id=\"ctl00_central_spa51\">Si lo prefiere tambi\u00e9n existen varias zonas de estacionamiento de pago en las v\u00edas p\u00fablicas. Puede aparcar en estas zonas por intervalos de 2 horas (zona azul) o d\u00edas enteros (parkings privados o municipales).<\/span><\/p>\t\t\t\t\t\t\t\t<\/div>\n\t\t\t\t<\/div>\n\t\t\t\t<\/div>\n\t\t<div class=\"elementor-element elementor-element-6c8c6b2 e-con-full e-flex e-con e-child\" data-id=\"6c8c6b2\" data-element_type=\"container\">\n\t\t\t\t<div class=\"elementor-element elementor-element-6b2dc05 elementor-invisible elementor-widget elementor-widget-image\" data-id=\"6b2dc05\" data-element_type=\"widget\" data-settings=\"{&quot;_animation&quot;:&quot;rotateInDownLeft&quot;}\" data-widget_type=\"image.default\">\n\t\t\t\t<div class=\"elementor-widget-container\">\n\t\t\t\t\t\t\t\t\t\t\t\t\t\t\t<img loading=\"lazy\" decoding=\"async\" width=\"1600\" height=\"1196\" src=\"https:\/\/hotelfloridatossa.com\/wp-content\/uploads\/2025\/02\/IMG-20250211-WA0005.jpg\" class=\"attachment-full size-full wp-image-1883\" alt=\"\" srcset=\"https:\/\/hotelfloridatossa.com\/wp-content\/uploads\/2025\/02\/IMG-20250211-WA0005.jpg 1600w, https:\/\/hotelfloridatossa.com\/wp-content\/uploads\/2025\/02\/IMG-20250211-WA0005-300x224.jpg 300w, https:\/\/hotelfloridatossa.com\/wp-content\/uploads\/2025\/02\/IMG-20250211-WA0005-1024x765.jpg 1024w, https:\/\/hotelfloridatossa.com\/wp-content\/uploads\/2025\/02\/IMG-20250211-WA0005-768x574.jpg 768w, https:\/\/hotelfloridatossa.com\/wp-content\/uploads\/2025\/02\/IMG-20250211-WA0005-1536x1148.jpg 1536w\" sizes=\"(max-width: 1600px) 100vw, 1600px\" \/>\t\t\t\t\t\t\t\t\t\t\t\t\t\t\t<\/div>\n\t\t\t\t<\/div>\n\t\t\t\t<\/div>\n\t\t\t\t<\/div>\n\t\t<div class=\"elementor-element elementor-element-758d2647 e-con-full e-flex e-con e-parent\" data-id=\"758d2647\" data-element_type=\"container\" data-settings=\"{&quot;background_background&quot;:&quot;classic&quot;}\">\n\t\t<div class=\"elementor-element elementor-element-77f90f75 e-con-full e-flex e-con e-child\" data-id=\"77f90f75\" data-element_type=\"container\" data-settings=\"{&quot;background_background&quot;:&quot;classic&quot;}\">\n\t\t\t\t<div class=\"elementor-element elementor-element-10f4d205 elementor-widget elementor-widget-heading\" data-id=\"10f4d205\" data-element_type=\"widget\" data-widget_type=\"heading.default\">\n\t\t\t\t<div class=\"elementor-widget-container\">\n\t\t\t\t\t<h2 class=\"elementor-heading-title elementor-size-default\">\"ayudarle y que se sienta como en casa es nuestra filosof\u00eda\"<\/h2>\t\t\t\t<\/div>\n\t\t\t\t<\/div>\n\t\t\t\t<div class=\"elementor-element elementor-element-18da881a elementor-widget elementor-widget-heading\" data-id=\"18da881a\" data-element_type=\"widget\" data-widget_type=\"heading.default\">\n\t\t\t\t<div class=\"elementor-widget-container\">\n\t\t\t\t\t<h4 class=\"elementor-heading-title elementor-size-default\">- Merc\u00e8, gesti\u00f3n i atenci\u00f3n -<\/h4>\t\t\t\t<\/div>\n\t\t\t\t<\/div>\n\t\t\t\t<\/div>\n\t\t\t\t<\/div>\n\t\t<div class=\"elementor-element elementor-element-6b994146 e-flex e-con-boxed e-con e-parent\" data-id=\"6b994146\" data-element_type=\"container\" data-settings=\"{&quot;background_background&quot;:&quot;classic&quot;}\">\n\t\t\t\t\t<div class=\"e-con-inner\">\n\t\t\t\t<div class=\"elementor-element elementor-element-182f20de elementor-widget elementor-widget-image\" data-id=\"182f20de\" data-element_type=\"widget\" data-widget_type=\"image.default\">\n\t\t\t\t<div class=\"elementor-widget-container\">\n\t\t\t\t\t\t\t\t\t\t\t\t\t\t\t<img loading=\"lazy\" decoding=\"async\" width=\"1453\" height=\"503\" src=\"https:\/\/hotelfloridatossa.com\/wp-content\/uploads\/2025\/02\/a59482-1.jpg\" class=\"attachment-full size-full wp-image-1959\" alt=\"Tossa de Mar, Costa Brava\" srcset=\"https:\/\/hotelfloridatossa.com\/wp-content\/uploads\/2025\/02\/a59482-1.jpg 1453w, https:\/\/hotelfloridatossa.com\/wp-content\/uploads\/2025\/02\/a59482-1-300x104.jpg 300w, https:\/\/hotelfloridatossa.com\/wp-content\/uploads\/2025\/02\/a59482-1-1024x354.jpg 1024w, https:\/\/hotelfloridatossa.com\/wp-content\/uploads\/2025\/02\/a59482-1-768x266.jpg 768w\" sizes=\"(max-width: 1453px) 100vw, 1453px\" \/>\t\t\t\t\t\t\t\t\t\t\t\t\t\t\t<\/div>\n\t\t\t\t<\/div>\n\t\t\t\t<div class=\"elementor-element elementor-element-a84309a elementor-widget elementor-widget-heading\" data-id=\"a84309a\" data-element_type=\"widget\" data-widget_type=\"heading.default\">\n\t\t\t\t<div class=\"elementor-widget-container\">\n\t\t\t\t\t<h2 class=\"elementor-heading-title elementor-size-default\">parad\u00eds blau<\/h2>\t\t\t\t<\/div>\n\t\t\t\t<\/div>\n\t\t\t\t<div class=\"elementor-element elementor-element-2562ae92 elementor-align-center elementor-invisible elementor-widget elementor-widget-button\" data-id=\"2562ae92\" data-element_type=\"widget\" data-settings=\"{&quot;_animation&quot;:&quot;pulse&quot;}\" data-widget_type=\"button.default\">\n\t\t\t\t<div class=\"elementor-widget-container\">\n\t\t\t\t\t\t\t\t\t<div class=\"elementor-button-wrapper\">\n\t\t\t\t\t<a class=\"elementor-button elementor-button-link elementor-size-sm elementor-animation-float\" href=\"https:\/\/hotelfloridatossa.com\/es\/galeria\/\">\n\t\t\t\t\t\t<span class=\"elementor-button-content-wrapper\">\n\t\t\t\t\t\t\t\t\t<span class=\"elementor-button-text\">fotos<\/span>\n\t\t\t\t\t<\/span>\n\t\t\t\t\t<\/a>\n\t\t\t\t<\/div>\n\t\t\t\t\t\t\t\t<\/div>\n\t\t\t\t<\/div>\n\t\t\t\t\t<\/div>\n\t\t\t\t<\/div>\n\t\t\t\t<\/div>\n\t\t","protected":false},"excerpt":{"rendered":"<p>El Hotel Si desea disfrutar de Tossa de Mar, en pleno coraz\u00f3n de la Costa Brava, en un lugar realmente privilegiado y rodeado de comodidades y todav\u00eda no nos conoce, el Hotel Florida, se encuentra situado a pocos metros de la playa Gran, un peque\u00f1o hotel familiar en plena zona residencial y hotelera tocando al [&hellip;]<\/p>\n","protected":false},"author":1,"featured_media":0,"parent":0,"menu_order":2,"comment_status":"closed","ping_status":"closed","template":"","meta":{"footnotes":""},"class_list":["post-790","page","type-page","status-publish","hentry"],"_links":{"self":[{"href":"https:\/\/hotelfloridatossa.com\/es\/wp-json\/wp\/v2\/pages\/790","targetHints":{"allow":["GET"]}}],"collection":[{"href":"https:\/\/hotelfloridatossa.com\/es\/wp-json\/wp\/v2\/pages"}],"about":[{"href":"https:\/\/hotelfloridatossa.com\/es\/wp-json\/wp\/v2\/types\/page"}],"author":[{"embeddable":true,"href":"https:\/\/hotelfloridatossa.com\/es\/wp-json\/wp\/v2\/users\/1"}],"replies":[{"embeddable":true,"href":"https:\/\/hotelfloridatossa.com\/es\/wp-json\/wp\/v2\/comments?post=790"}],"version-history":[{"count":65,"href":"https:\/\/hotelfloridatossa.com\/es\/wp-json\/wp\/v2\/pages\/790\/revisions"}],"predecessor-version":[{"id":2411,"href":"https:\/\/hotelfloridatossa.com\/es\/wp-json\/wp\/v2\/pages\/790\/revisions\/2411"}],"wp:attachment":[{"href":"https:\/\/hotelfloridatossa.com\/es\/wp-json\/wp\/v2\/media?parent=790"}],"curies":[{"name":"wp","href":"https:\/\/api.w.org\/{rel}","templated":true}]}}