{"id":2206,"date":"2025-01-15T19:19:58","date_gmt":"2025-01-15T18:19:58","guid":{"rendered":"http:\/\/nuevo.hotelfloridatossa.com\/lhotel\/"},"modified":"2025-02-28T13:32:34","modified_gmt":"2025-02-28T12:32:34","slug":"lhotel","status":"publish","type":"page","link":"https:\/\/hotelfloridatossa.com\/fr\/lhotel\/","title":{"rendered":"l&rsquo;h\u00f4tel"},"content":{"rendered":"\t\t<div data-elementor-type=\"wp-page\" data-elementor-id=\"2206\" class=\"elementor elementor-2206 elementor-790\" data-elementor-post-type=\"page\">\n\t\t\t\t<div class=\"elementor-element elementor-element-e52473b e-flex e-con-boxed e-con e-parent\" data-id=\"e52473b\" data-element_type=\"container\" data-settings=\"{&quot;background_background&quot;:&quot;classic&quot;}\">\n\t\t\t\t\t<div class=\"e-con-inner\">\n\t\t<div class=\"elementor-element elementor-element-4948ece8 e-con-full e-flex e-con e-child\" data-id=\"4948ece8\" data-element_type=\"container\">\n\t\t\t\t<div class=\"elementor-element elementor-element-1ae26f94 elementor-widget elementor-widget-heading\" data-id=\"1ae26f94\" data-element_type=\"widget\" data-widget_type=\"heading.default\">\n\t\t\t\t<div class=\"elementor-widget-container\">\n\t\t\t\t\t<h1 class=\"elementor-heading-title elementor-size-default\">L'H\u00f4tel<\/h1>\t\t\t\t<\/div>\n\t\t\t\t<\/div>\n\t\t\t\t<div class=\"elementor-element elementor-element-7706edb5 elementor-widget elementor-widget-text-editor\" data-id=\"7706edb5\" data-element_type=\"widget\" data-widget_type=\"text-editor.default\">\n\t\t\t\t<div class=\"elementor-widget-container\">\n\t\t\t\t\t\t\t\t\t<p><span id=\"ctl00_central_spa32\" class=\"negrita\">Si vous souhaitez profiter de Tossa de Mar, au coeur de la Costa Brava, dans un endroit vraiment privil\u00e9gi\u00e9 et entour\u00e9 de commodit\u00e9s et que vous ne nous connaissez toujours pas, l&rsquo;H\u00f4tel Florida est situ\u00e9 \u00e0 quelques m\u00e8tres de la plage Gran, un petit h\u00f4tel familial au coeur du quartier r\u00e9sidentiel et h\u00f4telier touchant le centre de la ville.<\/span><\/p>\n\t\t\t\t\t\t\t\t<\/div>\n\t\t\t\t<\/div>\n\t\t\t\t<\/div>\n\t\t<div class=\"elementor-element elementor-element-49631ca3 e-con-full e-flex e-con e-child\" data-id=\"49631ca3\" data-element_type=\"container\">\n\t\t\t\t<div class=\"elementor-element elementor-element-660b9563 animated-slow elementor-invisible elementor-widget elementor-widget-image\" data-id=\"660b9563\" data-element_type=\"widget\" data-settings=\"{&quot;_animation&quot;:&quot;slideInLeft&quot;}\" data-widget_type=\"image.default\">\n\t\t\t\t<div class=\"elementor-widget-container\">\n\t\t\t\t\t\t\t\t\t\t\t\t\t\t\t<img fetchpriority=\"high\" decoding=\"async\" width=\"693\" height=\"427\" src=\"https:\/\/hotelfloridatossa.com\/wp-content\/uploads\/2025\/01\/Diseno-sin-titulo-50.jpg\" class=\"attachment-full size-full wp-image-929\" alt=\"\" srcset=\"https:\/\/hotelfloridatossa.com\/wp-content\/uploads\/2025\/01\/Diseno-sin-titulo-50.jpg 693w, https:\/\/hotelfloridatossa.com\/wp-content\/uploads\/2025\/01\/Diseno-sin-titulo-50-300x185.jpg 300w\" sizes=\"(max-width: 693px) 100vw, 693px\" \/>\t\t\t\t\t\t\t\t\t\t\t\t\t\t\t<\/div>\n\t\t\t\t<\/div>\n\t\t\t\t<\/div>\n\t\t\t\t\t<\/div>\n\t\t\t\t<\/div>\n\t\t<div class=\"elementor-element elementor-element-3268fed6 e-con-full e-flex e-con e-parent\" data-id=\"3268fed6\" data-element_type=\"container\" data-settings=\"{&quot;background_background&quot;:&quot;classic&quot;}\">\n\t\t<div class=\"elementor-element elementor-element-49cfd607 e-con-full e-flex e-con e-child\" data-id=\"49cfd607\" data-element_type=\"container\">\n\t\t\t\t<div class=\"elementor-element elementor-element-6e776925 animated-slow e-transform elementor-invisible elementor-widget elementor-widget-image\" data-id=\"6e776925\" data-element_type=\"widget\" data-settings=\"{&quot;_animation&quot;:&quot;rotateInDownRight&quot;,&quot;_transform_rotateZ_effect&quot;:{&quot;unit&quot;:&quot;px&quot;,&quot;size&quot;:-15,&quot;sizes&quot;:[]},&quot;_transform_rotateZ_effect_laptop&quot;:{&quot;unit&quot;:&quot;deg&quot;,&quot;size&quot;:&quot;&quot;,&quot;sizes&quot;:[]},&quot;_transform_rotateZ_effect_tablet&quot;:{&quot;unit&quot;:&quot;deg&quot;,&quot;size&quot;:&quot;&quot;,&quot;sizes&quot;:[]},&quot;_transform_rotateZ_effect_mobile&quot;:{&quot;unit&quot;:&quot;deg&quot;,&quot;size&quot;:&quot;&quot;,&quot;sizes&quot;:[]}}\" data-widget_type=\"image.default\">\n\t\t\t\t<div class=\"elementor-widget-container\">\n\t\t\t\t\t\t\t\t\t\t\t\t\t\t\t<img decoding=\"async\" width=\"469\" height=\"793\" src=\"https:\/\/hotelfloridatossa.com\/wp-content\/uploads\/2025\/01\/Diseno-sin-titulo-54.jpg\" class=\"attachment-full size-full wp-image-933\" alt=\"\" srcset=\"https:\/\/hotelfloridatossa.com\/wp-content\/uploads\/2025\/01\/Diseno-sin-titulo-54.jpg 469w, https:\/\/hotelfloridatossa.com\/wp-content\/uploads\/2025\/01\/Diseno-sin-titulo-54-177x300.jpg 177w\" sizes=\"(max-width: 469px) 100vw, 469px\" \/>\t\t\t\t\t\t\t\t\t\t\t\t\t\t\t<\/div>\n\t\t\t\t<\/div>\n\t\t\t\t<\/div>\n\t\t<div class=\"elementor-element elementor-element-6fcfd4e9 e-con-full e-flex e-con e-child\" data-id=\"6fcfd4e9\" data-element_type=\"container\">\n\t\t\t\t<div class=\"elementor-element elementor-element-651ee352 elementor-widget elementor-widget-heading\" data-id=\"651ee352\" data-element_type=\"widget\" data-widget_type=\"heading.default\">\n\t\t\t\t<div class=\"elementor-widget-container\">\n\t\t\t\t\t<h2 class=\"elementor-heading-title elementor-size-default\">familier<\/h2>\t\t\t\t<\/div>\n\t\t\t\t<\/div>\n\t\t\t\t<div class=\"elementor-element elementor-element-1012d3e0 elementor-widget elementor-widget-text-editor\" data-id=\"1012d3e0\" data-element_type=\"widget\" data-widget_type=\"text-editor.default\">\n\t\t\t\t<div class=\"elementor-widget-container\">\n\t\t\t\t\t\t\t\t\t<p><span id=\"ctl00_central_spa33\">Dans cet \u00e9tablissement familial, vous trouverez tous les services qui feront de votre s\u00e9jour \u00e0 Tossa des vacances inoubliables que vous aurez envie de r\u00e9p\u00e9ter. L&rsquo;atmosph\u00e8re d\u00e9tendue et d\u00e9tendue, ainsi que le traitement personnalis\u00e9, font de l&rsquo;H\u00f4tel Florida un lieu id\u00e9al pour vos week-ends, vacances ou jours de repos, que ce soit pour les couples, les groupes, les familles ou si vous voyagez seul.<\/span><\/p>\n\t\t\t\t\t\t\t\t<\/div>\n\t\t\t\t<\/div>\n\t\t\t\t<div class=\"elementor-element elementor-element-0a81940 elementor-widget elementor-widget-text-editor\" data-id=\"0a81940\" data-element_type=\"widget\" data-widget_type=\"text-editor.default\">\n\t\t\t\t<div class=\"elementor-widget-container\">\n\t\t\t\t\t\t\t\t\t<p><span id=\"ctl00_central_spa33\">En Hotel Florida podr\u00e1 disfrutar de una completa gama de instalaciones y servicios puestos a disposici\u00f3n del cliente; sin olvidarnos de nuestro magn\u00edfica terraza sol\u00e1rium donde relajarse y disfrutar de uno de nuestros <em>cocktails<\/em><br \/><\/span><\/p>\n\t\t\t\t\t\t\t\t<\/div>\n\t\t\t\t<\/div>\n\t\t\t\t<\/div>\n\t\t\t\t<\/div>\n\t\t<div class=\"elementor-element elementor-element-3b466b30 e-con-full e-flex e-con e-parent\" data-id=\"3b466b30\" data-element_type=\"container\" id=\"pressed_juices\">\n\t\t<div class=\"elementor-element elementor-element-1c804ff6 e-con-full e-flex e-con e-child\" data-id=\"1c804ff6\" data-element_type=\"container\" data-settings=\"{&quot;background_background&quot;:&quot;classic&quot;}\">\n\t\t\t\t<div class=\"elementor-element elementor-element-11e7562f elementor-widget elementor-widget-heading\" data-id=\"11e7562f\" data-element_type=\"widget\" data-widget_type=\"heading.default\">\n\t\t\t\t<div class=\"elementor-widget-container\">\n\t\t\t\t\t<h2 class=\"elementor-heading-title elementor-size-default\">CHAMBRES<\/h2>\t\t\t\t<\/div>\n\t\t\t\t<\/div>\n\t\t\t\t<div class=\"elementor-element elementor-element-efb718f elementor-widget elementor-widget-text-editor\" data-id=\"efb718f\" data-element_type=\"widget\" data-widget_type=\"text-editor.default\">\n\t\t\t\t<div class=\"elementor-widget-container\">\n\t\t\t\t\t\t\t\t\t<p><strong><span id=\"ctl00_central_spa47\" class=\"negrita\">L&rsquo;H\u00f4tel Florida dispose de 49 chambres, \u00e9quip\u00e9es de tout le confort que l&rsquo;on attend d&rsquo;un h\u00f4tel de cette cat\u00e9gorie.<\/span><\/strong><\/p>\n<p><span id=\"ctl00_central_spa48\">Toutes les chambres disposent d&rsquo;une salle de bain compl\u00e8te avec s\u00e8che-cheveux, produits d&rsquo;accueil, la plupart avec terrasse, climatisation et chauffage, TV, t\u00e9l\u00e9phone, r\u00e9frig\u00e9rateur, coffre-fort individuel (en suppl\u00e9ment) et connexion Wi-Fi gratuite.<\/span><\/p>\n<p>Toutes nos chambres sont non-fumeurs.<\/p>\n\t\t\t\t\t\t\t\t<\/div>\n\t\t\t\t<\/div>\n\t\t\t\t<\/div>\n\t\t<div class=\"elementor-element elementor-element-79189cea e-con-full e-flex e-con e-child\" data-id=\"79189cea\" data-element_type=\"container\">\n\t\t\t\t<div class=\"elementor-element elementor-element-6a713226 elementor-invisible elementor-widget elementor-widget-image\" data-id=\"6a713226\" data-element_type=\"widget\" data-settings=\"{&quot;_animation&quot;:&quot;rotateInDownLeft&quot;}\" data-widget_type=\"image.default\">\n\t\t\t\t<div class=\"elementor-widget-container\">\n\t\t\t\t\t\t\t\t\t\t\t\t\t\t\t<img decoding=\"async\" width=\"805\" height=\"496\" src=\"https:\/\/hotelfloridatossa.com\/wp-content\/uploads\/2025\/01\/Habitacion-Hotel-Florida.jpg\" class=\"attachment-full size-full wp-image-1002\" alt=\"habitaci\u00f3n hotel florida\" srcset=\"https:\/\/hotelfloridatossa.com\/wp-content\/uploads\/2025\/01\/Habitacion-Hotel-Florida.jpg 805w, https:\/\/hotelfloridatossa.com\/wp-content\/uploads\/2025\/01\/Habitacion-Hotel-Florida-300x185.jpg 300w, https:\/\/hotelfloridatossa.com\/wp-content\/uploads\/2025\/01\/Habitacion-Hotel-Florida-768x473.jpg 768w\" sizes=\"(max-width: 805px) 100vw, 805px\" \/>\t\t\t\t\t\t\t\t\t\t\t\t\t\t\t<\/div>\n\t\t\t\t<\/div>\n\t\t\t\t<\/div>\n\t\t\t\t<\/div>\n\t\t<div class=\"elementor-element elementor-element-b2801db e-con-full e-flex e-con e-parent\" data-id=\"b2801db\" data-element_type=\"container\" id=\"smoothies\">\n\t\t<div class=\"elementor-element elementor-element-27267227 e-con-full e-flex e-con e-child\" data-id=\"27267227\" data-element_type=\"container\">\n\t\t\t\t<div class=\"elementor-element elementor-element-3007078e elementor-invisible elementor-widget elementor-widget-image\" data-id=\"3007078e\" data-element_type=\"widget\" data-settings=\"{&quot;_animation&quot;:&quot;rotateInDownLeft&quot;}\" data-widget_type=\"image.default\">\n\t\t\t\t<div class=\"elementor-widget-container\">\n\t\t\t\t\t\t\t\t\t\t\t\t\t\t\t<img loading=\"lazy\" decoding=\"async\" width=\"509\" height=\"826\" src=\"https:\/\/hotelfloridatossa.com\/wp-content\/uploads\/2025\/01\/Diseno-sin-titulo-56.jpg\" class=\"attachment-full size-full wp-image-1017\" alt=\"\" srcset=\"https:\/\/hotelfloridatossa.com\/wp-content\/uploads\/2025\/01\/Diseno-sin-titulo-56.jpg 509w, https:\/\/hotelfloridatossa.com\/wp-content\/uploads\/2025\/01\/Diseno-sin-titulo-56-185x300.jpg 185w\" sizes=\"(max-width: 509px) 100vw, 509px\" \/>\t\t\t\t\t\t\t\t\t\t\t\t\t\t\t<\/div>\n\t\t\t\t<\/div>\n\t\t\t\t<\/div>\n\t\t<div class=\"elementor-element elementor-element-6ce179d9 e-con-full e-flex e-con e-child\" data-id=\"6ce179d9\" data-element_type=\"container\" data-settings=\"{&quot;background_background&quot;:&quot;classic&quot;}\">\n\t\t\t\t<div class=\"elementor-element elementor-element-1a0159bb elementor-widget elementor-widget-heading\" data-id=\"1a0159bb\" data-element_type=\"widget\" data-widget_type=\"heading.default\">\n\t\t\t\t<div class=\"elementor-widget-container\">\n\t\t\t\t\t<h2 class=\"elementor-heading-title elementor-size-default\">R\u00c9CEPTION<\/h2>\t\t\t\t<\/div>\n\t\t\t\t<\/div>\n\t\t\t\t<div class=\"elementor-element elementor-element-9dffbd6 elementor-widget elementor-widget-text-editor\" data-id=\"9dffbd6\" data-element_type=\"widget\" data-widget_type=\"text-editor.default\">\n\t\t\t\t<div class=\"elementor-widget-container\">\n\t\t\t\t\t\t\t\t\t<p><strong><span id=\"ctl00_central_spa44\" class=\"negrita\">Pour l\u2019H\u00f4tel Florida, il est aussi important d\u2019offrir des installations confortables et accueillantes que de fournir un traitement humain avec des r\u00e9sultats optimaux. Le service de r\u00e9ception de l&rsquo;h\u00f4tel sera \u00e0 votre service de 8h \u00e0 22h.<\/span><\/strong><\/p>\n<p><span id=\"ctl00_central_spa45\">Le reste de la journ\u00e9e, il y aura du personnel qui se fera un plaisir de vous aider en cas d&rsquo;\u00e9ventualit\u00e9.<\/span><\/p>\n<p>Notre personnel de r\u00e9ception se chargera de vous assister dans les services h\u00f4teliers et se fera un plaisir de vous informer sur les offres de loisirs qui existent \u00e0 ce moment-l\u00e0, les excursions qui peuvent \u00eatre faites, les informations et r\u00e9servations d&rsquo;activit\u00e9s sportives, etc.<\/p>\n\t\t\t\t\t\t\t\t<\/div>\n\t\t\t\t<\/div>\n\t\t\t\t<\/div>\n\t\t\t\t<\/div>\n\t\t<div class=\"elementor-element elementor-element-91c1c4b e-con-full e-flex e-con e-parent\" data-id=\"91c1c4b\" data-element_type=\"container\">\n\t\t<div class=\"elementor-element elementor-element-10212e3 e-con-full e-flex e-con e-child\" data-id=\"10212e3\" data-element_type=\"container\" data-settings=\"{&quot;background_background&quot;:&quot;classic&quot;}\">\n\t\t\t\t<div class=\"elementor-element elementor-element-dc944b9 elementor-widget elementor-widget-heading\" data-id=\"dc944b9\" data-element_type=\"widget\" data-widget_type=\"heading.default\">\n\t\t\t\t<div class=\"elementor-widget-container\">\n\t\t\t\t\t<h2 class=\"elementor-heading-title elementor-size-default\">PARKING<\/h2>\t\t\t\t<\/div>\n\t\t\t\t<\/div>\n\t\t\t\t<div class=\"elementor-element elementor-element-761dfea elementor-widget elementor-widget-text-editor\" data-id=\"761dfea\" data-element_type=\"widget\" data-widget_type=\"text-editor.default\">\n\t\t\t\t<div class=\"elementor-widget-container\">\n\t\t\t\t\t\t\t\t\t<p><span id=\"ctl00_central_spa50\" class=\"negrita\"><\/span><strong><span id=\"ctl00_central_spa50\" class=\"negrita\">Si vous arrivez \u00e0 Tossa de Mar par la route avec votre propre v\u00e9hicule, notre h\u00f4tel dispose d&rsquo;un parking payant (r\u00e9servation n\u00e9cessaire) pour que vous puissiez garer votre voiture confortablement et en m\u00eame temps \u00eatre prot\u00e9g\u00e9. Vous pouvez sortir et entrer dans le parking autant de fois que vous le souhaitez.<\/span><\/strong> <\/p>\n<p><span id=\"ctl00_central_spa51\">Si vous pr\u00e9f\u00e9rez, il existe \u00e9galement plusieurs zones de stationnement payantes sur la voie publique. Vous pouvez vous garer dans ces zones par tranches de 2 heures (zone bleue) ou \u00e0 la journ\u00e9e (parkings priv\u00e9s ou communaux).<\/span><\/p>\n\t\t\t\t\t\t\t\t<\/div>\n\t\t\t\t<\/div>\n\t\t\t\t<\/div>\n\t\t<div class=\"elementor-element elementor-element-6c8c6b2 e-con-full e-flex e-con e-child\" data-id=\"6c8c6b2\" data-element_type=\"container\">\n\t\t\t\t<div class=\"elementor-element elementor-element-6b2dc05 elementor-invisible elementor-widget elementor-widget-image\" data-id=\"6b2dc05\" data-element_type=\"widget\" data-settings=\"{&quot;_animation&quot;:&quot;rotateInDownLeft&quot;}\" data-widget_type=\"image.default\">\n\t\t\t\t<div class=\"elementor-widget-container\">\n\t\t\t\t\t\t\t\t\t\t\t\t\t\t\t<img loading=\"lazy\" decoding=\"async\" width=\"1600\" height=\"1196\" src=\"https:\/\/hotelfloridatossa.com\/wp-content\/uploads\/2025\/02\/IMG-20250211-WA0005.jpg\" class=\"attachment-full size-full wp-image-1883\" alt=\"\" srcset=\"https:\/\/hotelfloridatossa.com\/wp-content\/uploads\/2025\/02\/IMG-20250211-WA0005.jpg 1600w, https:\/\/hotelfloridatossa.com\/wp-content\/uploads\/2025\/02\/IMG-20250211-WA0005-300x224.jpg 300w, https:\/\/hotelfloridatossa.com\/wp-content\/uploads\/2025\/02\/IMG-20250211-WA0005-1024x765.jpg 1024w, https:\/\/hotelfloridatossa.com\/wp-content\/uploads\/2025\/02\/IMG-20250211-WA0005-768x574.jpg 768w, https:\/\/hotelfloridatossa.com\/wp-content\/uploads\/2025\/02\/IMG-20250211-WA0005-1536x1148.jpg 1536w\" sizes=\"(max-width: 1600px) 100vw, 1600px\" \/>\t\t\t\t\t\t\t\t\t\t\t\t\t\t\t<\/div>\n\t\t\t\t<\/div>\n\t\t\t\t<\/div>\n\t\t\t\t<\/div>\n\t\t<div class=\"elementor-element elementor-element-758d2647 e-con-full e-flex e-con e-parent\" data-id=\"758d2647\" data-element_type=\"container\" data-settings=\"{&quot;background_background&quot;:&quot;classic&quot;}\">\n\t\t<div class=\"elementor-element elementor-element-77f90f75 e-con-full e-flex e-con e-child\" data-id=\"77f90f75\" data-element_type=\"container\" data-settings=\"{&quot;background_background&quot;:&quot;classic&quot;}\">\n\t\t\t\t<div class=\"elementor-element elementor-element-10f4d205 elementor-widget elementor-widget-heading\" data-id=\"10f4d205\" data-element_type=\"widget\" data-widget_type=\"heading.default\">\n\t\t\t\t<div class=\"elementor-widget-container\">\n\t\t\t\t\t<h2 class=\"elementor-heading-title elementor-size-default\">\"vous aider et vous faire sentir comme chez vous est notre philosophie\"<\/h2>\t\t\t\t<\/div>\n\t\t\t\t<\/div>\n\t\t\t\t<div class=\"elementor-element elementor-element-18da881a elementor-widget elementor-widget-heading\" data-id=\"18da881a\" data-element_type=\"widget\" data-widget_type=\"heading.default\">\n\t\t\t\t<div class=\"elementor-widget-container\">\n\t\t\t\t\t<h4 class=\"elementor-heading-title elementor-size-default\">- Merc\u00e8, gestion et attention -<\/h4>\t\t\t\t<\/div>\n\t\t\t\t<\/div>\n\t\t\t\t<\/div>\n\t\t\t\t<\/div>\n\t\t<div class=\"elementor-element elementor-element-6b994146 e-flex e-con-boxed e-con e-parent\" data-id=\"6b994146\" data-element_type=\"container\" data-settings=\"{&quot;background_background&quot;:&quot;classic&quot;}\">\n\t\t\t\t\t<div class=\"e-con-inner\">\n\t\t\t\t<div class=\"elementor-element elementor-element-182f20de elementor-widget elementor-widget-image\" data-id=\"182f20de\" data-element_type=\"widget\" data-widget_type=\"image.default\">\n\t\t\t\t<div class=\"elementor-widget-container\">\n\t\t\t\t\t\t\t\t\t\t\t\t\t\t\t<img loading=\"lazy\" decoding=\"async\" width=\"1453\" height=\"503\" src=\"https:\/\/hotelfloridatossa.com\/wp-content\/uploads\/2025\/02\/a59482-1.jpg\" class=\"attachment-full size-full wp-image-1959\" alt=\"Tossa de Mar, Costa Brava\" srcset=\"https:\/\/hotelfloridatossa.com\/wp-content\/uploads\/2025\/02\/a59482-1.jpg 1453w, https:\/\/hotelfloridatossa.com\/wp-content\/uploads\/2025\/02\/a59482-1-300x104.jpg 300w, https:\/\/hotelfloridatossa.com\/wp-content\/uploads\/2025\/02\/a59482-1-1024x354.jpg 1024w, https:\/\/hotelfloridatossa.com\/wp-content\/uploads\/2025\/02\/a59482-1-768x266.jpg 768w\" sizes=\"(max-width: 1453px) 100vw, 1453px\" \/>\t\t\t\t\t\t\t\t\t\t\t\t\t\t\t<\/div>\n\t\t\t\t<\/div>\n\t\t\t\t<div class=\"elementor-element elementor-element-a84309a elementor-widget elementor-widget-heading\" data-id=\"a84309a\" data-element_type=\"widget\" data-widget_type=\"heading.default\">\n\t\t\t\t<div class=\"elementor-widget-container\">\n\t\t\t\t\t<h2 class=\"elementor-heading-title elementor-size-default\">parad\u00eds blau<\/h2>\t\t\t\t<\/div>\n\t\t\t\t<\/div>\n\t\t\t\t<div class=\"elementor-element elementor-element-2562ae92 elementor-align-center elementor-invisible elementor-widget elementor-widget-button\" data-id=\"2562ae92\" data-element_type=\"widget\" data-settings=\"{&quot;_animation&quot;:&quot;pulse&quot;}\" data-widget_type=\"button.default\">\n\t\t\t\t<div class=\"elementor-widget-container\">\n\t\t\t\t\t\t\t\t\t<div class=\"elementor-button-wrapper\">\n\t\t\t\t\t<a class=\"elementor-button elementor-button-link elementor-size-sm elementor-animation-float\" href=\"https:\/\/hotelfloridatossa.com\/fr\/galerie\/\">\n\t\t\t\t\t\t<span class=\"elementor-button-content-wrapper\">\n\t\t\t\t\t\t\t\t\t<span class=\"elementor-button-text\">photographies<\/span>\n\t\t\t\t\t<\/span>\n\t\t\t\t\t<\/a>\n\t\t\t\t<\/div>\n\t\t\t\t\t\t\t\t<\/div>\n\t\t\t\t<\/div>\n\t\t\t\t\t<\/div>\n\t\t\t\t<\/div>\n\t\t\t\t<\/div>\n\t\t","protected":false},"excerpt":{"rendered":"<p>L&rsquo;H\u00f4tel Si vous souhaitez profiter de Tossa de Mar, au coeur de la Costa Brava, dans un endroit vraiment privil\u00e9gi\u00e9 et entour\u00e9 de commodit\u00e9s et que vous ne nous connaissez toujours pas, l&rsquo;H\u00f4tel Florida est situ\u00e9 \u00e0 quelques m\u00e8tres de la plage Gran, un petit h\u00f4tel familial au coeur du quartier r\u00e9sidentiel et h\u00f4telier touchant [&hellip;]<\/p>\n","protected":false},"author":1,"featured_media":0,"parent":0,"menu_order":2,"comment_status":"closed","ping_status":"closed","template":"","meta":{"footnotes":""},"class_list":["post-2206","page","type-page","status-publish","hentry"],"_links":{"self":[{"href":"https:\/\/hotelfloridatossa.com\/fr\/wp-json\/wp\/v2\/pages\/2206","targetHints":{"allow":["GET"]}}],"collection":[{"href":"https:\/\/hotelfloridatossa.com\/fr\/wp-json\/wp\/v2\/pages"}],"about":[{"href":"https:\/\/hotelfloridatossa.com\/fr\/wp-json\/wp\/v2\/types\/page"}],"author":[{"embeddable":true,"href":"https:\/\/hotelfloridatossa.com\/fr\/wp-json\/wp\/v2\/users\/1"}],"replies":[{"embeddable":true,"href":"https:\/\/hotelfloridatossa.com\/fr\/wp-json\/wp\/v2\/comments?post=2206"}],"version-history":[{"count":2,"href":"https:\/\/hotelfloridatossa.com\/fr\/wp-json\/wp\/v2\/pages\/2206\/revisions"}],"predecessor-version":[{"id":2413,"href":"https:\/\/hotelfloridatossa.com\/fr\/wp-json\/wp\/v2\/pages\/2206\/revisions\/2413"}],"wp:attachment":[{"href":"https:\/\/hotelfloridatossa.com\/fr\/wp-json\/wp\/v2\/media?parent=2206"}],"curies":[{"name":"wp","href":"https:\/\/api.w.org\/{rel}","templated":true}]}}